{"id":842,"date":"2018-02-13T09:13:15","date_gmt":"2018-02-13T08:13:15","guid":{"rendered":"https:\/\/pepsi.aip.de\/?page_id=842"},"modified":"2018-02-13T09:19:18","modified_gmt":"2018-02-13T08:19:18","slug":"imprint-data-protection-statement","status":"publish","type":"page","link":"https:\/\/pepsi.aip.de\/?page_id=842","title":{"rendered":"Imprint &#038; Data Protection Statement"},"content":{"rendered":"<p>The impressum of the AIP can be found at\u00a0<a href=\"http:\/\/www.aip.de\/en\/impressum\">http:\/\/www.aip.de\/en\/impressum<\/a>.<\/p>\n<p>Protection of your privacy when using our websites is important to us. PEPSI page follows the Data Protection Statement of the AIP, which is accessible at\u00a0<a href=\"http:\/\/www.aip.de\/en\/impressum\/Data-Protection-Statement\">http:\/\/www.aip.de\/en\/impressum\/Data-Protection-Statement<\/a>.<\/p>\n<hr \/>\n<h2>Impressum &amp; Datenschutz<\/h2>\n<p>Es gilt das unter\u00a0<a href=\"http:\/\/www.aip.de\/en\/impressum\">http:\/\/www.aip.de\/de\/impressum<\/a>\u00a0zu findende Impressum des AIP.<\/p>\n<p>Der Schutz Ihrer Privatsph\u00e4re bei der Nutzung unserer Webseiten ist uns wichtig. F\u00fcr PEPSI gilt die Datenschutzerkl\u00e4rung des AIP, welche unter\u00a0<a href=\"http:\/\/www.aip.de\/de\/impressum\/datenschutzerklaerung\">http:\/\/www.aip.de\/de\/impressum\/datenschutzerklaerung<\/a> abrufbar ist.<\/p>\n","protected":false},"excerpt":{"rendered":"<p>The impressum of the AIP can be found at\u00a0http:\/\/www.aip.de\/en\/impressum. Protection of your privacy when using our websites is important to us. PEPSI page follows the Data Protection Statement of the AIP, which is accessible at\u00a0http:\/\/www.aip.de\/en\/impressum\/Data-Protection-Statement. Impressum &amp; Datenschutz Es gilt das unter\u00a0http:\/\/www.aip.de\/de\/impressum\u00a0zu findende Impressum des AIP. Der Schutz Ihrer Privatsph\u00e4re bei der Nutzung unserer Webseiten &hellip; <a href=\"https:\/\/pepsi.aip.de\/?page_id=842\" class=\"more-link\">Continue reading <span class=\"screen-reader-text\">Imprint &#038; Data Protection Statement<\/span> <span class=\"meta-nav\">&rarr;<\/span><\/a><\/p>\n","protected":false},"author":4,"featured_media":0,"parent":0,"menu_order":0,"comment_status":"closed","ping_status":"closed","template":"","meta":{"footnotes":""},"class_list":["post-842","page","type-page","status-publish","hentry"],"_links":{"self":[{"href":"https:\/\/pepsi.aip.de\/index.php?rest_route=\/wp\/v2\/pages\/842","targetHints":{"allow":["GET"]}}],"collection":[{"href":"https:\/\/pepsi.aip.de\/index.php?rest_route=\/wp\/v2\/pages"}],"about":[{"href":"https:\/\/pepsi.aip.de\/index.php?rest_route=\/wp\/v2\/types\/page"}],"author":[{"embeddable":true,"href":"https:\/\/pepsi.aip.de\/index.php?rest_route=\/wp\/v2\/users\/4"}],"replies":[{"embeddable":true,"href":"https:\/\/pepsi.aip.de\/index.php?rest_route=%2Fwp%2Fv2%2Fcomments&post=842"}],"version-history":[{"count":4,"href":"https:\/\/pepsi.aip.de\/index.php?rest_route=\/wp\/v2\/pages\/842\/revisions"}],"predecessor-version":[{"id":848,"href":"https:\/\/pepsi.aip.de\/index.php?rest_route=\/wp\/v2\/pages\/842\/revisions\/848"}],"wp:attachment":[{"href":"https:\/\/pepsi.aip.de\/index.php?rest_route=%2Fwp%2Fv2%2Fmedia&parent=842"}],"curies":[{"name":"wp","href":"https:\/\/api.w.org\/{rel}","templated":true}]}}